{"id":48,"date":"2020-07-16T17:29:29","date_gmt":"2020-07-16T17:29:29","guid":{"rendered":"https:\/\/implan.municipiodelnayar.gob.mx\/?page_id=48"},"modified":"2020-07-31T09:35:08","modified_gmt":"2020-07-31T16:35:08","slug":"solicitar-informacion","status":"publish","type":"page","link":"https:\/\/implan.municipiodelnayar.gob.mx\/?page_id=48","title":{"rendered":"Solicitar informaci\u00f3n"},"content":{"rendered":"<div class=\"fusion-fullwidth fullwidth-box fusion-builder-row-1 nonhundred-percent-fullwidth non-hundred-percent-height-scrolling\"  style='background-color: rgba(255,255,255,0);background-position: center center;background-repeat: no-repeat;padding-top:0px;padding-right:0px;padding-bottom:0px;padding-left:0px;'><div class=\"fusion-builder-row fusion-row \"><div  class=\"fusion-layout-column fusion_builder_column fusion_builder_column_1_1 fusion-builder-column-0 fusion-one-full fusion-column-first fusion-column-last 1_1\"  style='margin-top:0px;margin-bottom:0px;'><div class=\"fusion-column-wrapper\" style=\"padding: 0px 0px 0px 0px;background-position:left top;background-repeat:no-repeat;-webkit-background-size:cover;-moz-background-size:cover;-o-background-size:cover;background-size:cover;\"   data-bg-url=\"\"><div class=\"fusion-text\"><header class=\"entry-header\">\n<h2 class=\"entry-title\">\u00a0<\/h2>\n<\/header>\n<div class=\"entry-summary\">\n<header class=\"entry-header\">\n<h2 class=\"entry-title\"><span style=\"color: #993366;\"> \u00bfQuieres Solicitar Informaci\u00f3n?<\/span><\/h2>\n<\/header>\n<div class=\"entry-summary\">\n<p>1.- Descarga el formato de \u2013&gt; Formato de solicitud de informaci\u00f3n publica.<\/p>\n<p>2.- Entrega tu solicitud en La Direcci\u00f3n de Transparencia y Acceso a la Informaci\u00f3n \u00f3 env\u00eda tu solicitud v\u00eda <strong><a href=\"http:\/\/www.infomexnayarit.gob.mx\/infomex\/\">Infomex Nayarit<\/a><\/strong><\/p>\n<p>3.- Deber\u00e1s recibir una notificaci\u00f3n sobre tu solicitud en un m\u00e1ximo de 5 d\u00edas h\u00e1biles.<\/p>\n<p>Tambi\u00e9n puede realizar su solicitud de informaci\u00f3n v\u00eda electr\u00f3nica, escribiendo un correo a la direcci\u00f3n \u00a0<strong>implan.mn2020@gmail.com<\/strong><\/p>\n<p>Es correo debe contener los siguientes datos:<\/p>\n<ul>\n<li>Nombre del solicitante y autorizados a recibir informaci\u00f3n si este fuera el caso.<\/li>\n<li>Domicilio, n\u00famero de fax o correo electr\u00f3nico para recibir notificaciones.<\/li>\n<li>La informaci\u00f3n solicitada.<\/li>\n<li>La forma y el medio para acceder a la informaci\u00f3n.<\/li>\n<\/ul>\n<p>La atenci\u00f3n a las solicitudes de informaci\u00f3n ser\u00e1n atendidas de acuerdo con apego al marco normativo vigente.<\/p>\n<\/div>\n<\/div>\n<\/div><div class=\"fusion-clearfix\"><\/div><\/div><\/div><\/div><\/div><style type=\"text\/css\">.fusion-fullwidth.fusion-builder-row-1 a:not(.fusion-button):not(.fusion-builder-module-control):not(.fusion-social-network-icon):not(.fb-icon-element):not(.fusion-countdown-link):not(.fusion-rollover-link):not(.fusion-rollover-gallery):not(.add_to_cart_button):not(.show_details_button):not(.product_type_external):not(.fusion-quick-view):not(.fusion-rollover-title-link) , .fusion-fullwidth.fusion-builder-row-1 a:not(.fusion-button):not(.fusion-builder-module-control):not(.fusion-social-network-icon):not(.fb-icon-element):not(.fusion-countdown-link):not(.fusion-rollover-link):not(.fusion-rollover-gallery):not(.add_to_cart_button):not(.show_details_button):not(.product_type_external):not(.fusion-quick-view):not(.fusion-rollover-title-link):before, .fusion-fullwidth.fusion-builder-row-1 a:not(.fusion-button):not(.fusion-builder-module-control):not(.fusion-social-network-icon):not(.fb-icon-element):not(.fusion-countdown-link):not(.fusion-rollover-link):not(.fusion-rollover-gallery):not(.add_to_cart_button):not(.show_details_button):not(.product_type_external):not(.fusion-quick-view):not(.fusion-rollover-title-link):after {color: #333333;}.fusion-fullwidth.fusion-builder-row-1 a:not(.fusion-button):not(.fusion-builder-module-control):not(.fusion-social-network-icon):not(.fb-icon-element):not(.fusion-countdown-link):not(.fusion-rollover-link):not(.fusion-rollover-gallery):not(.add_to_cart_button):not(.show_details_button):not(.product_type_external):not(.fusion-quick-view):not(.fusion-rollover-title-link):hover, .fusion-fullwidth.fusion-builder-row-1 a:not(.fusion-button):not(.fusion-builder-module-control):not(.fusion-social-network-icon):not(.fb-icon-element):not(.fusion-countdown-link):not(.fusion-rollover-link):not(.fusion-rollover-gallery):not(.add_to_cart_button):not(.show_details_button):not(.product_type_external):not(.fusion-quick-view):not(.fusion-rollover-title-link):hover:before, .fusion-fullwidth.fusion-builder-row-1 a:not(.fusion-button):not(.fusion-builder-module-control):not(.fusion-social-network-icon):not(.fb-icon-element):not(.fusion-countdown-link):not(.fusion-rollover-link):not(.fusion-rollover-gallery):not(.add_to_cart_button):not(.show_details_button):not(.product_type_external):not(.fusion-quick-view):not(.fusion-rollover-title-link):hover:after {color: #fed03d;}.fusion-fullwidth.fusion-builder-row-1 .pagination a.inactive:hover, .fusion-fullwidth.fusion-builder-row-1 .fusion-filters .fusion-filter.fusion-active a {border-color: #fed03d;}.fusion-fullwidth.fusion-builder-row-1 .pagination .current {border-color: #fed03d; background-color: #fed03d;}.fusion-fullwidth.fusion-builder-row-1 .fusion-filters .fusion-filter.fusion-active a, .fusion-fullwidth.fusion-builder-row-1 .fusion-date-and-formats .fusion-format-box, .fusion-fullwidth.fusion-builder-row-1 .fusion-popover, .fusion-fullwidth.fusion-builder-row-1 .tooltip-shortcode {color: #fed03d;}#main .fusion-fullwidth.fusion-builder-row-1 .post .blog-shortcode-post-title a:hover {color: #fed03d;}<\/style>\n","protected":false},"excerpt":{"rendered":"","protected":false},"author":1,"featured_media":0,"parent":0,"menu_order":0,"comment_status":"closed","ping_status":"closed","template":"100-width.php","meta":{"footnotes":""},"class_list":["post-48","page","type-page","status-publish","hentry"],"_links":{"self":[{"href":"https:\/\/implan.municipiodelnayar.gob.mx\/index.php?rest_route=\/wp\/v2\/pages\/48","targetHints":{"allow":["GET"]}}],"collection":[{"href":"https:\/\/implan.municipiodelnayar.gob.mx\/index.php?rest_route=\/wp\/v2\/pages"}],"about":[{"href":"https:\/\/implan.municipiodelnayar.gob.mx\/index.php?rest_route=\/wp\/v2\/types\/page"}],"author":[{"embeddable":true,"href":"https:\/\/implan.municipiodelnayar.gob.mx\/index.php?rest_route=\/wp\/v2\/users\/1"}],"replies":[{"embeddable":true,"href":"https:\/\/implan.municipiodelnayar.gob.mx\/index.php?rest_route=%2Fwp%2Fv2%2Fcomments&post=48"}],"version-history":[{"count":1,"href":"https:\/\/implan.municipiodelnayar.gob.mx\/index.php?rest_route=\/wp\/v2\/pages\/48\/revisions"}],"predecessor-version":[{"id":76,"href":"https:\/\/implan.municipiodelnayar.gob.mx\/index.php?rest_route=\/wp\/v2\/pages\/48\/revisions\/76"}],"wp:attachment":[{"href":"https:\/\/implan.municipiodelnayar.gob.mx\/index.php?rest_route=%2Fwp%2Fv2%2Fmedia&parent=48"}],"curies":[{"name":"wp","href":"https:\/\/api.w.org\/{rel}","templated":true}]}}